{"id":2114,"date":"2023-04-24T06:25:12","date_gmt":"2023-04-24T06:25:12","guid":{"rendered":"https:\/\/kanomaastricht.nl\/?page_id=2114"},"modified":"2023-06-05T19:24:23","modified_gmt":"2023-06-05T19:24:23","slug":"kajak-huren-in-zuid-limburg","status":"publish","type":"page","link":"https:\/\/kanomaastricht.nl\/en\/kajak-huren-in-zuid-limburg\/","title":{"rendered":"Kajak huren in Zuid-Limburg"},"content":{"rendered":"<h2>RESERVEREN<\/h2>\n<ul>\n<li>\n\t\t\t\t\t\t\t\t\t\tHome\n\t\t\t\t\t\t\t\t\t<\/li>\n<li>\n\t\t\t\t\t\t\t\t\t\tReserveren\n\t\t\t\t\t\t\t\t\t<\/li>\n<\/ul>\n<p>\t\t[rev_slider alias=&#8221;slider-groepen-12&#8243; slidertitle=&#8221;Kano &amp; Fiets combi&#8221;][\/rev_slider]\t\t<\/p>\n<h1>Kajakken over de Maas in Zuid-Limburg bij Kano Maastricht<\/h1>\n<p>Kajakken over de Maas is een geweldige manier om te verbinden met elkaar en te genieten van de prachtige natuur en het landschap dat dit authentiek stukje Zuid-Limburg te bieden heeft. <\/p>\n<p>Heerlijk ontspannen op het water, terwijl je tegelijkertijd ook lekker actief aan het peddelen bent. Een kajak huren bij Kano Maastricht is een ideaal uitje voor gezinnen met kinderen, maar ook zeker voor groepen of bedrijven die op zoek zijn naar een leuke en sportieve groepsactiviteit. <\/p>\n<p>We hebben kajaks voor \u00e9\u00e9n persoon en dubbele kajaks voor twee personen. Deze zijn geschikt voor zowel beginners als ervaren kajakkers. Daarnaast hebben we ook Kano\u2019s en rafts. We gebruiken het woord \u2018kano\u2019 als verzamelnaam voor al onze boten. <\/p>\n<p>Aan het vertrekpunt van de kajaktocht krijgen jullie duidelijke instructies over het gebruik en besturen van de kajak zodat jullie veilig kunnen gaan varen door de Maasvallei.\n<\/p>\n<h2>Kajak-arrangementen voor bedrijven en groepsuitjes<\/h2>\n<p>Ook voor bedrijfsuitjes is kajakken een leuke manier om de teamspirit te versterken. Samenwerking en communicatie zijn essentieel om goed te kunnen varen, waardoor kajakken perfect geschikt is voor teambuilding. Het stimuleert het team om elkaar nog beter \u00e9n op een andere manier te leren kennen.<\/p>\n<p>Kano Maastricht biedt arrangementen op maat voor grote groepen tot 100 personen. Zo kan er lunch, diner of een smaakvolle barbecue georganiseerd worden. <\/p>\n<p>Reserveer vandaag nog jouw kajaktocht en ervaar zelf de magie van de Maasvallei!\n<\/p>\n<p>\t\t\t<a href=\"https:\/\/kanomaastricht.nl\/reserveren\/\" role=\"button\"><br \/>\n\t\t\t\t\t\tReserveer zelf jouw tocht online!<br \/>\n\t\t\t\t\t<\/a><br \/>\n\t\t\t\t\tTeamuitje <br \/>DHL Supply ChainAfgelopen mei hebben  wij het teamuitje voor DHL Supply Chain mogen verzorgen.<br \/>\n\t\t\t\t\t\t\tPrevious<br \/>\n\t\t\t\t\t\t\tNext<\/p>\n<h2>De unieke Kajak &#038; fiets combi van Kano Maastricht<\/h2>\n<p>Wat Kano Maastricht nog eens extra uniek maakt is onze Kajak &#038; Fiets combinatie! Want naast heerlijk kajakken op de Maas kun je bij ons ook kiezen om dit te combineren met een heerlijke fietstocht langs de oevers van de Maas en langs karakteristieke dorpjes met sfeervolle caf\u00e9s. <\/p>\n<p>Je hebt de Maasvallei pas \u00e9cht ontdekt wanneer je deze met een kajak \u00e9n fiets beleefd hebt. Stroomafwaarts lekker peddelen in \u00e9\u00e9n van onze kajak\u2019s, kano\u2019s of rafts en stroomopwaarts volg je een ontspannen fietsroute door het prachtige Maasland en maak je kennis met het karakter van dit wonderschone stukje Limburg.\n<\/p>\n<p>\t\t\t\t\t\t\tPrevious<br \/>\n\t\t\t\t\t\t\tNext<\/p>\n<h2>De Kajak &#038; fiets combi\u2026 Hoe werkt het?<\/h2>\n<p>Jullie starten \u00f3f met de fietstocht \u00f3f met de tocht per kajak, kano of raft. De volgorde is afhankelijk van de vertrektijd. Dit wordt tijdens het definitief maken van de reservering duidelijk besproken en zo veel als mogelijk afgestemd op jullie wensen.<\/p>\n<h2>Starten met de fietstocht<\/h2>\n<p>Start je met de fietstocht, dan ontvangen we jullie op de parkeerplaats achter Caf\u00e9 De Witte B\u00f6rstel in het dorpje Meers. Hier krijgen jullie van ons een uitgebreide fietsroute\/legenda die jullie naar ons terrein leidt dat gelegen is op de hoek van de Pasestraat\/ Op de Meer in het Maastrichtse dorp Itteren. <\/p>\n<p>Eenmaal aangekomen op het parkeerterrein zetten jullie de fietsen netjes neer op de aangegeven plek. Vervolgens wandelen jullie linksaf het terrein af en gaan jullie na 200m de tweede links de dijk op. Hier is de opstapplaats van de kajaktocht.<br \/>\n<\/p>\n<p>\t\t\t<a href=\"https:\/\/goo.gl\/maps\/c1R3AERJnRn15LoB9\" target=\"_blank\" role=\"button\" rel=\"noopener\"><br \/>\n\t\t\t\t\t\tNavigeer naar startpunt Fietstocht<br \/>\n\t\t\t\t\t<\/a><\/p>\n<h2>Starten met de Kajaktour<\/h2>\n<p>Start je met kajakken, kano\u00ebn, of raften, dan mogen jullie de auto parkeren op de aangegeven plekken op het terrein op de hoek van de Pasestraat\/ Op de Meer. Vandaaruit volgen jullie de instructies en wandelen jullie links het terrein af en gaan jullie na 200m de tweede links de dijk op naar de opstapplek van de kajaktocht.<\/p>\n<p>Het eindpunt van de kajaktour is in het dorpje Meers in de gemeente Stein. Daar krijgen jullie van ons fietsen en ook een fietsroute die jullie weer terugleidt naar de plek waar eerder die dag het avontuur begonnen is.\n<\/p>\n<p>\t\t\t<a href=\"https:\/\/goo.gl\/maps\/udayk1NnnwpEHBmSA\" target=\"_blank\" role=\"button\" rel=\"noopener\"><br \/>\n\t\t\t\t\t\tNavigeer naar startpunt Kanotocht<br \/>\n\t\t\t\t\t<\/a><\/p>\n<h2>Wat voor een fiets krijgen we bij de Kajaktour?<\/h2>\n<p>Wij hebben gekozen voor de Gazelle MPB, Multi Purpose Bike. Dit is een fiets die speciaal ontworpen is voor de verhuur. Oerdegelijk met een robuust frame waar bijna niks aan kapot kan gaan. Single speed en een terugtraprem. Net zoals in The Good Old Day\u2019s!<\/p>\n<p>Het mooie aan dit 26 inch model is dat deze ontzettend ruim verstelbaar is, zodat vrijwel iedereen op deze fiets past.\n<\/p>\n<p>\t\t\t<a href=\"https:\/\/kanomaastricht.nl\/reserveren\/\" role=\"button\"><br \/>\n\t\t\t\t\t\tReserveer zelf jouw tocht online!<br \/>\n\t\t\t\t\t<\/a><\/p>\n<h2>GELD TERUG GARANTIE, NATUURLIJK OOK BIJ SLECHT WEER!<\/h2>\n<p>Wij willen enkel blije en tevreden klanten, daarom hebben wij een \u2018Geld terug garantie.&#8217; Mocht de tocht door onvoorziene omstandigheden of slecht weer niet door kunnen gaan, dan kijken we eerst of we de tocht kunnen verplaatsen naar een andere datum. Lukt dat niet, dan krijgen jullie natuurlijk het volledige bedrag teruggestort.\n<\/p>\n<p>\t\t\t<a href=\"https:\/\/kanomaastricht.nl\/geld-terug-garantie\/\" role=\"button\"><br \/>\n\t\t\t\t\t\tLees hier de voorwaarden &#8216;Geld terug garantie&#8217;<br \/>\n\t\t\t\t\t<\/a><\/p>\n<h2>KAJAK &#038; FIETS Combi<\/h2>\n<p>\t\t\tStroomafwaarts peddelend met een kano, kajak of raft. Stroomopwaarts volg je een ontspannen fietsroute door een typisch rivierenlandschap.<br \/>\n\t\t\t<a href=\"https:\/\/kanomaastricht.nl\/kano-fiets-combi\/\" role=\"button\"><br \/>\n\t\t\t\t\t\tMEER INFO<br \/>\n\t\t\t\t\t<\/a><\/p>\n","protected":false},"excerpt":{"rendered":"<p>RESERVEREN Home Reserveren [rev_slider alias=&#8221;slider-groepen-12&#8243; slidertitle=&#8221;Kano &amp; Fiets combi&#8221;][\/rev_slider] Kajakken over de Maas in Zuid-Limburg bij Kano Maastricht Kajakken over de Maas is een geweldige manier om te verbinden met elkaar en te genieten van de prachtige natuur en het landschap dat dit authentiek stukje Zuid-Limburg te bieden heeft. Heerlijk ontspannen op het water, terwijl [&hellip;]<\/p>\n","protected":false},"author":2,"featured_media":0,"parent":0,"menu_order":0,"comment_status":"closed","ping_status":"closed","template":"elementor_header_footer","meta":{"site-sidebar-layout":"no-sidebar","site-content-layout":"page-builder","ast-site-content-layout":"default","site-content-style":"default","site-sidebar-style":"default","ast-global-header-display":"","ast-banner-title-visibility":"","ast-main-header-display":"","ast-hfb-above-header-display":"","ast-hfb-below-header-display":"","ast-hfb-mobile-header-display":"","site-post-title":"disabled","ast-breadcrumbs-content":"","ast-featured-img":"disabled","footer-sml-layout":"","ast-disable-related-posts":"","theme-transparent-header-meta":"","adv-header-id-meta":"","stick-header-meta":"","header-above-stick-meta":"","header-main-stick-meta":"","header-below-stick-meta":"","astra-migrate-meta-layouts":"default","ast-page-background-enabled":"default","ast-page-background-meta":{"desktop":{"background-color":"var(--ast-global-color-4)","background-image":"","background-repeat":"repeat","background-position":"center center","background-size":"auto","background-attachment":"scroll","background-type":"","background-media":"","overlay-type":"","overlay-color":"","overlay-opacity":"","overlay-gradient":""},"tablet":{"background-color":"","background-image":"","background-repeat":"repeat","background-position":"center center","background-size":"auto","background-attachment":"scroll","background-type":"","background-media":"","overlay-type":"","overlay-color":"","overlay-opacity":"","overlay-gradient":""},"mobile":{"background-color":"","background-image":"","background-repeat":"repeat","background-position":"center center","background-size":"auto","background-attachment":"scroll","background-type":"","background-media":"","overlay-type":"","overlay-color":"","overlay-opacity":"","overlay-gradient":""}},"ast-content-background-meta":{"desktop":{"background-color":"var(--ast-global-color-5)","background-image":"","background-repeat":"repeat","background-position":"center center","background-size":"auto","background-attachment":"scroll","background-type":"","background-media":"","overlay-type":"","overlay-color":"","overlay-opacity":"","overlay-gradient":""},"tablet":{"background-color":"var(--ast-global-color-5)","background-image":"","background-repeat":"repeat","background-position":"center center","background-size":"auto","background-attachment":"scroll","background-type":"","background-media":"","overlay-type":"","overlay-color":"","overlay-opacity":"","overlay-gradient":""},"mobile":{"background-color":"var(--ast-global-color-5)","background-image":"","background-repeat":"repeat","background-position":"center center","background-size":"auto","background-attachment":"scroll","background-type":"","background-media":"","overlay-type":"","overlay-color":"","overlay-opacity":"","overlay-gradient":""}},"footnotes":""},"class_list":["post-2114","page","type-page","status-publish","hentry"],"yoast_head":"<!-- This site is optimized with the Yoast SEO plugin v27.3 - https:\/\/yoast.com\/product\/yoast-seo-wordpress\/ -->\n<title>Kajakken over de Maas in Zuid-Limburg bij Kano Maastricht<\/title>\n<meta name=\"description\" content=\"Kajakken op de Maas is een geweldige manier om te verbinden met elkaar en te genieten van de natuur dat Zuid-Limburg te bieden heeft\" \/>\n<meta name=\"robots\" content=\"index, follow, max-snippet:-1, max-image-preview:large, max-video-preview:-1\" \/>\n<link rel=\"canonical\" href=\"https:\/\/kanomaastricht.nl\/en\/kajak-huren-in-zuid-limburg\/\" \/>\n<meta property=\"og:locale\" content=\"en_US\" \/>\n<meta property=\"og:type\" content=\"article\" \/>\n<meta property=\"og:title\" content=\"Kajakken over de Maas in Zuid-Limburg bij Kano Maastricht\" \/>\n<meta property=\"og:description\" content=\"Kajakken op de Maas is een geweldige manier om te verbinden met elkaar en te genieten van de natuur dat Zuid-Limburg te bieden heeft\" \/>\n<meta property=\"og:url\" content=\"https:\/\/kanomaastricht.nl\/en\/kajak-huren-in-zuid-limburg\/\" \/>\n<meta property=\"og:site_name\" content=\"KANO\" \/>\n<meta property=\"article:modified_time\" content=\"2023-06-05T19:24:23+00:00\" \/>\n<meta name=\"twitter:card\" content=\"summary_large_image\" \/>\n<meta name=\"twitter:label1\" content=\"Est. reading time\" \/>\n\t<meta name=\"twitter:data1\" content=\"6 minutes\" \/>\n<script type=\"application\/ld+json\" class=\"yoast-schema-graph\">{\"@context\":\"https:\\\/\\\/schema.org\",\"@graph\":[{\"@type\":\"WebPage\",\"@id\":\"https:\\\/\\\/kanomaastricht.nl\\\/kajak-huren-in-zuid-limburg\\\/\",\"url\":\"https:\\\/\\\/kanomaastricht.nl\\\/kajak-huren-in-zuid-limburg\\\/\",\"name\":\"Kajakken over de Maas in Zuid-Limburg bij Kano Maastricht\",\"isPartOf\":{\"@id\":\"https:\\\/\\\/kanomaastricht.nl\\\/#website\"},\"datePublished\":\"2023-04-24T06:25:12+00:00\",\"dateModified\":\"2023-06-05T19:24:23+00:00\",\"description\":\"Kajakken op de Maas is een geweldige manier om te verbinden met elkaar en te genieten van de natuur dat Zuid-Limburg te bieden heeft\",\"breadcrumb\":{\"@id\":\"https:\\\/\\\/kanomaastricht.nl\\\/kajak-huren-in-zuid-limburg\\\/#breadcrumb\"},\"inLanguage\":\"en-US\",\"potentialAction\":[{\"@type\":\"ReadAction\",\"target\":[\"https:\\\/\\\/kanomaastricht.nl\\\/kajak-huren-in-zuid-limburg\\\/\"]}]},{\"@type\":\"BreadcrumbList\",\"@id\":\"https:\\\/\\\/kanomaastricht.nl\\\/kajak-huren-in-zuid-limburg\\\/#breadcrumb\",\"itemListElement\":[{\"@type\":\"ListItem\",\"position\":1,\"name\":\"Home\",\"item\":\"https:\\\/\\\/kanomaastricht.nl\\\/\"},{\"@type\":\"ListItem\",\"position\":2,\"name\":\"Kajak huren in Zuid-Limburg\"}]},{\"@type\":\"WebSite\",\"@id\":\"https:\\\/\\\/kanomaastricht.nl\\\/#website\",\"url\":\"https:\\\/\\\/kanomaastricht.nl\\\/\",\"name\":\"KANO\",\"description\":\"\",\"publisher\":{\"@id\":\"https:\\\/\\\/kanomaastricht.nl\\\/#organization\"},\"potentialAction\":[{\"@type\":\"SearchAction\",\"target\":{\"@type\":\"EntryPoint\",\"urlTemplate\":\"https:\\\/\\\/kanomaastricht.nl\\\/?s={search_term_string}\"},\"query-input\":{\"@type\":\"PropertyValueSpecification\",\"valueRequired\":true,\"valueName\":\"search_term_string\"}}],\"inLanguage\":\"en-US\"},{\"@type\":\"Organization\",\"@id\":\"https:\\\/\\\/kanomaastricht.nl\\\/#organization\",\"name\":\"KANO\",\"url\":\"https:\\\/\\\/kanomaastricht.nl\\\/\",\"logo\":{\"@type\":\"ImageObject\",\"inLanguage\":\"en-US\",\"@id\":\"https:\\\/\\\/kanomaastricht.nl\\\/#\\\/schema\\\/logo\\\/image\\\/\",\"url\":\"https:\\\/\\\/kanomaastricht.nl\\\/wp-content\\\/uploads\\\/2022\\\/10\\\/LOGO_V1-scaled.png\",\"contentUrl\":\"https:\\\/\\\/kanomaastricht.nl\\\/wp-content\\\/uploads\\\/2022\\\/10\\\/LOGO_V1-scaled.png\",\"width\":2560,\"height\":1298,\"caption\":\"KANO\"},\"image\":{\"@id\":\"https:\\\/\\\/kanomaastricht.nl\\\/#\\\/schema\\\/logo\\\/image\\\/\"}}]}<\/script>\n<!-- \/ Yoast SEO plugin. -->","yoast_head_json":{"title":"Kajakken over de Maas in Zuid-Limburg bij Kano Maastricht","description":"Kajakken op de Maas is een geweldige manier om te verbinden met elkaar en te genieten van de natuur dat Zuid-Limburg te bieden heeft","robots":{"index":"index","follow":"follow","max-snippet":"max-snippet:-1","max-image-preview":"max-image-preview:large","max-video-preview":"max-video-preview:-1"},"canonical":"https:\/\/kanomaastricht.nl\/en\/kajak-huren-in-zuid-limburg\/","og_locale":"en_US","og_type":"article","og_title":"Kajakken over de Maas in Zuid-Limburg bij Kano Maastricht","og_description":"Kajakken op de Maas is een geweldige manier om te verbinden met elkaar en te genieten van de natuur dat Zuid-Limburg te bieden heeft","og_url":"https:\/\/kanomaastricht.nl\/en\/kajak-huren-in-zuid-limburg\/","og_site_name":"KANO","article_modified_time":"2023-06-05T19:24:23+00:00","twitter_card":"summary_large_image","twitter_misc":{"Est. reading time":"6 minutes"},"schema":{"@context":"https:\/\/schema.org","@graph":[{"@type":"WebPage","@id":"https:\/\/kanomaastricht.nl\/kajak-huren-in-zuid-limburg\/","url":"https:\/\/kanomaastricht.nl\/kajak-huren-in-zuid-limburg\/","name":"Kajakken over de Maas in Zuid-Limburg bij Kano Maastricht","isPartOf":{"@id":"https:\/\/kanomaastricht.nl\/#website"},"datePublished":"2023-04-24T06:25:12+00:00","dateModified":"2023-06-05T19:24:23+00:00","description":"Kajakken op de Maas is een geweldige manier om te verbinden met elkaar en te genieten van de natuur dat Zuid-Limburg te bieden heeft","breadcrumb":{"@id":"https:\/\/kanomaastricht.nl\/kajak-huren-in-zuid-limburg\/#breadcrumb"},"inLanguage":"en-US","potentialAction":[{"@type":"ReadAction","target":["https:\/\/kanomaastricht.nl\/kajak-huren-in-zuid-limburg\/"]}]},{"@type":"BreadcrumbList","@id":"https:\/\/kanomaastricht.nl\/kajak-huren-in-zuid-limburg\/#breadcrumb","itemListElement":[{"@type":"ListItem","position":1,"name":"Home","item":"https:\/\/kanomaastricht.nl\/"},{"@type":"ListItem","position":2,"name":"Kajak huren in Zuid-Limburg"}]},{"@type":"WebSite","@id":"https:\/\/kanomaastricht.nl\/#website","url":"https:\/\/kanomaastricht.nl\/","name":"KANO","description":"","publisher":{"@id":"https:\/\/kanomaastricht.nl\/#organization"},"potentialAction":[{"@type":"SearchAction","target":{"@type":"EntryPoint","urlTemplate":"https:\/\/kanomaastricht.nl\/?s={search_term_string}"},"query-input":{"@type":"PropertyValueSpecification","valueRequired":true,"valueName":"search_term_string"}}],"inLanguage":"en-US"},{"@type":"Organization","@id":"https:\/\/kanomaastricht.nl\/#organization","name":"KANO","url":"https:\/\/kanomaastricht.nl\/","logo":{"@type":"ImageObject","inLanguage":"en-US","@id":"https:\/\/kanomaastricht.nl\/#\/schema\/logo\/image\/","url":"https:\/\/kanomaastricht.nl\/wp-content\/uploads\/2022\/10\/LOGO_V1-scaled.png","contentUrl":"https:\/\/kanomaastricht.nl\/wp-content\/uploads\/2022\/10\/LOGO_V1-scaled.png","width":2560,"height":1298,"caption":"KANO"},"image":{"@id":"https:\/\/kanomaastricht.nl\/#\/schema\/logo\/image\/"}}]}},"_links":{"self":[{"href":"https:\/\/kanomaastricht.nl\/en\/wp-json\/wp\/v2\/pages\/2114","targetHints":{"allow":["GET"]}}],"collection":[{"href":"https:\/\/kanomaastricht.nl\/en\/wp-json\/wp\/v2\/pages"}],"about":[{"href":"https:\/\/kanomaastricht.nl\/en\/wp-json\/wp\/v2\/types\/page"}],"author":[{"embeddable":true,"href":"https:\/\/kanomaastricht.nl\/en\/wp-json\/wp\/v2\/users\/2"}],"replies":[{"embeddable":true,"href":"https:\/\/kanomaastricht.nl\/en\/wp-json\/wp\/v2\/comments?post=2114"}],"version-history":[{"count":0,"href":"https:\/\/kanomaastricht.nl\/en\/wp-json\/wp\/v2\/pages\/2114\/revisions"}],"wp:attachment":[{"href":"https:\/\/kanomaastricht.nl\/en\/wp-json\/wp\/v2\/media?parent=2114"}],"curies":[{"name":"wp","href":"https:\/\/api.w.org\/{rel}","templated":true}]}}