{"id":2697,"date":"2024-12-19T14:08:18","date_gmt":"2024-12-19T14:08:18","guid":{"rendered":"https:\/\/kanomaastricht.nl\/?page_id=2697"},"modified":"2025-08-01T09:23:36","modified_gmt":"2025-08-01T07:23:36","slug":"startpunten-routes","status":"publish","type":"page","link":"https:\/\/kanomaastricht.nl\/en\/startpunten-routes\/","title":{"rendered":"Starting point &amp; route"},"content":{"rendered":"<iframe src=\"https:\/\/www.google.com\/maps\/embed?pb=!1m18!1m12!1m3!1d2516.3267817436417!2d5.698884399999999!3d50.8991693!2m3!1f0!2f0!3f0!3m2!1i1024!2i768!4f13.1!3m3!1m2!1s0x47c0c5dee127f661%3A0xc0bd008c44e55103!2sKano%20Maastricht!5e0!3m2!1snl!2sus!4v1736259534914!5m2!1snl!2sus\" width=\"600\" height=\"450\" allowfullscreen=\"\" loading=\"lazy\" referrerpolicy=\"no-referrer-when-downgrade\"><\/iframe>\n<h2>\n\t\t\tStarting point canoe trip\t<\/h2>\n\t<strong>Address:<\/strong><br \/>\nOp de Meer &#8211; Maastricht<br \/>\n(Boarding point second left up the dike)\n<p><strong>Only parking on our terrain. No parking in surrounding streets!<\/strong><\/p>\n<p>Our parking lot is located on the corner: Op de Meer \/ Pasestraat<\/p>\n\t\t\t<a href=\"https:\/\/goo.gl\/maps\/udayk1NnnwpEHBmSA\" title=\"Klik Hier\" target=\"_blank\" rel=\"noopener\"  role=\"button\" aria-label=\"Directions\">\n\t\t\t\t\t\t\tDirections\n\t\t<\/a>\n\t<iframe src=\"https:\/\/www.google.com\/maps\/embed?pb=!1m18!1m12!1m3!1d2513.101143674859!2d5.7381907000000005!3d50.9588342!2m3!1f0!2f0!3f0!3m2!1i1024!2i768!4f13.1!3m3!1m2!1s0x47c0c4063db327b1%3A0x472337a38e249e3f!2sDe%20Witte%20B%C3%B6rstel!5e0!3m2!1snl!2sus!4v1736259615394!5m2!1snl!2sus\" width=\"600\" height=\"450\" allowfullscreen=\"\" loading=\"lazy\" referrerpolicy=\"no-referrer-when-downgrade\"><\/iframe>\n<h2>\n\t\t\tEnd point of canoe trip\t<\/h2>\n\t<strong>Address:<\/strong><br \/>\nCaf\u00e9 De Witte B\u00f6rstel<br \/>\nKoevaart 15 Meers (Elsloo)<br \/>\n(Parking lot behind the Caf\u00e9)\n<p><strong>This is also the starting point of the bike tour!\u00a0<\/strong><\/p>\n\t\t\t<a href=\"https:\/\/goo.gl\/maps\/c1R3AERJnRn15LoB9\" title=\"Klik Hier\" target=\"_blank\" rel=\"noopener\"  role=\"button\" aria-label=\"Directions\">\n\t\t\t\t\t\t\tDirections\n\t\t<\/a>\n\t\t\t\t<img decoding=\"async\" src=\"https:\/\/kanomaastricht.nl\/wp-content\/uploads\/2025\/01\/08.png\" alt=\"_-08\" title=\"_-08\" itemprop=\"image\"  \/>\n<h2>\n\t\t\tRoute\t<\/h2>\n\tYou start the canoe trip from the Maastricht village of Itteren.<br \/>\n<strong><br \/>\nAddress:<\/strong><br \/>\nOp de Meer &#8211; Maastricht<br \/>\n(Opstapplaats tweede links de dijk omhoog)\nHet eindpunt van de kanotocht is gelegen in pittoreske dorpje Meers (Esloo).<br \/>\n<strong><br \/>\nAddress:<br \/>\n<\/strong>Caf\u00e9 De Witte B\u00f6rstel<br \/>\nKoevaart 15 Meers (Elsloo)<br \/>\n(Parking lot behind the Caf\u00e9)\n<strong>Distances:<br \/>\n<\/strong>Kanotocht: Maastricht (Itteren) &#8211; Meers 11km (+\/- 2,5 uur peddelen)<br \/>\nFietstocht: Meers &#8211; Maastricht (Itteren) 10km (+\/- 1 uur fietsen)\n\t\t\t\t<img decoding=\"async\" src=\"https:\/\/kanomaastricht.nl\/wp-content\/uploads\/2025\/01\/brigidahoeve.jpg\" alt=\"brigidahoeve\" title=\"brigidahoeve\" itemprop=\"image\"  \/>\n<h2>\n\t\t\tCafe De Witte Borstel\t<\/h2>\n\t<p>This cozy cafe with spacious terrace is located at the end point of our canoe trip which is also the starting point of our cycle route. Canoeists, cyclists and hikers enjoy the Limburg coziness here.<\/p>\n<p>De slogan van dit authentieke Caf\u00e9 is dan ook&#8230; &#8221;Binnen en buiten Buitengewoongezellig&#8221;<\/p>\n\t\t\t<a href=\"https:\/\/kanomaastricht.nl\/en\/reserveren\/\" title=\"Klik Hier\" target=\"_self\"   role=\"button\" aria-label=\"Book Now\">\n\t\t\t\t\t\t\tBook Now\n\t\t<\/a>","protected":false},"excerpt":{"rendered":"<p>Startpunt Kanotocht Adres: Op de Meer &#8211; Maastricht (Opstapplaats tweede links de dijk omhoog) Enkel parkeren op ons terrein. Verboden te parkeren in omliggende straten! Ons parkeerterrein is gelegen op de hoek: Op de Meer \/ Pasestraat Routebeschrijving Eindpunt kanotocht Adres: Caf\u00e9 De Witte B\u00f6rstel Koevaart 15 Meers (Elsloo) (Parkeerplaats achter het Caf\u00e9) Dit is [&hellip;]<\/p>\n","protected":false},"author":1,"featured_media":0,"parent":0,"menu_order":0,"comment_status":"closed","ping_status":"closed","template":"","meta":{"site-sidebar-layout":"default","site-content-layout":"","ast-site-content-layout":"default","site-content-style":"default","site-sidebar-style":"default","ast-global-header-display":"","ast-banner-title-visibility":"","ast-main-header-display":"","ast-hfb-above-header-display":"","ast-hfb-below-header-display":"","ast-hfb-mobile-header-display":"","site-post-title":"","ast-breadcrumbs-content":"","ast-featured-img":"","footer-sml-layout":"","ast-disable-related-posts":"","theme-transparent-header-meta":"enabled","adv-header-id-meta":"","stick-header-meta":"","header-above-stick-meta":"","header-main-stick-meta":"","header-below-stick-meta":"","astra-migrate-meta-layouts":"set","ast-page-background-enabled":"default","ast-page-background-meta":{"desktop":{"background-color":"var(--ast-global-color-4)","background-image":"","background-repeat":"repeat","background-position":"center center","background-size":"auto","background-attachment":"scroll","background-type":"","background-media":"","overlay-type":"","overlay-color":"","overlay-opacity":"","overlay-gradient":""},"tablet":{"background-color":"","background-image":"","background-repeat":"repeat","background-position":"center center","background-size":"auto","background-attachment":"scroll","background-type":"","background-media":"","overlay-type":"","overlay-color":"","overlay-opacity":"","overlay-gradient":""},"mobile":{"background-color":"","background-image":"","background-repeat":"repeat","background-position":"center center","background-size":"auto","background-attachment":"scroll","background-type":"","background-media":"","overlay-type":"","overlay-color":"","overlay-opacity":"","overlay-gradient":""}},"ast-content-background-meta":{"desktop":{"background-color":"var(--ast-global-color-5)","background-image":"","background-repeat":"repeat","background-position":"center center","background-size":"auto","background-attachment":"scroll","background-type":"","background-media":"","overlay-type":"","overlay-color":"","overlay-opacity":"","overlay-gradient":""},"tablet":{"background-color":"var(--ast-global-color-5)","background-image":"","background-repeat":"repeat","background-position":"center center","background-size":"auto","background-attachment":"scroll","background-type":"","background-media":"","overlay-type":"","overlay-color":"","overlay-opacity":"","overlay-gradient":""},"mobile":{"background-color":"var(--ast-global-color-5)","background-image":"","background-repeat":"repeat","background-position":"center center","background-size":"auto","background-attachment":"scroll","background-type":"","background-media":"","overlay-type":"","overlay-color":"","overlay-opacity":"","overlay-gradient":""}},"footnotes":""},"class_list":["post-2697","page","type-page","status-publish","hentry"],"yoast_head":"<!-- This site is optimized with the Yoast SEO plugin v27.3 - https:\/\/yoast.com\/product\/yoast-seo-wordpress\/ -->\n<title>Startpunten &amp; routes - KANO<\/title>\n<meta name=\"robots\" content=\"index, follow, max-snippet:-1, max-image-preview:large, max-video-preview:-1\" \/>\n<link rel=\"canonical\" href=\"https:\/\/kanomaastricht.nl\/en\/startpunten-routes\/\" \/>\n<meta property=\"og:locale\" content=\"en_US\" \/>\n<meta property=\"og:type\" content=\"article\" \/>\n<meta property=\"og:title\" content=\"Startpunten &amp; routes - KANO\" \/>\n<meta property=\"og:description\" content=\"Startpunt Kanotocht Adres: Op de Meer &#8211; Maastricht (Opstapplaats tweede links de dijk omhoog) Enkel parkeren op ons terrein. Verboden te parkeren in omliggende straten! Ons parkeerterrein is gelegen op de hoek: Op de Meer \/ Pasestraat Routebeschrijving Eindpunt kanotocht Adres: Caf\u00e9 De Witte B\u00f6rstel Koevaart 15 Meers (Elsloo) (Parkeerplaats achter het Caf\u00e9) Dit is [&hellip;]\" \/>\n<meta property=\"og:url\" content=\"https:\/\/kanomaastricht.nl\/en\/startpunten-routes\/\" \/>\n<meta property=\"og:site_name\" content=\"KANO\" \/>\n<meta property=\"article:modified_time\" content=\"2025-08-01T07:23:36+00:00\" \/>\n<meta property=\"og:image\" content=\"https:\/\/kanomaastricht.nl\/wp-content\/uploads\/2025\/01\/08.png\" \/>\n<meta name=\"twitter:card\" content=\"summary_large_image\" \/>\n<meta name=\"twitter:label1\" content=\"Est. reading time\" \/>\n\t<meta name=\"twitter:data1\" content=\"1 minute\" \/>\n<script type=\"application\/ld+json\" class=\"yoast-schema-graph\">{\"@context\":\"https:\\\/\\\/schema.org\",\"@graph\":[{\"@type\":\"WebPage\",\"@id\":\"https:\\\/\\\/kanomaastricht.nl\\\/startpunten-routes\\\/\",\"url\":\"https:\\\/\\\/kanomaastricht.nl\\\/startpunten-routes\\\/\",\"name\":\"Startpunten &amp; routes - KANO\",\"isPartOf\":{\"@id\":\"https:\\\/\\\/kanomaastricht.nl\\\/#website\"},\"primaryImageOfPage\":{\"@id\":\"https:\\\/\\\/kanomaastricht.nl\\\/startpunten-routes\\\/#primaryimage\"},\"image\":{\"@id\":\"https:\\\/\\\/kanomaastricht.nl\\\/startpunten-routes\\\/#primaryimage\"},\"thumbnailUrl\":\"https:\\\/\\\/kanomaastricht.nl\\\/wp-content\\\/uploads\\\/2025\\\/01\\\/08.png\",\"datePublished\":\"2024-12-19T14:08:18+00:00\",\"dateModified\":\"2025-08-01T07:23:36+00:00\",\"breadcrumb\":{\"@id\":\"https:\\\/\\\/kanomaastricht.nl\\\/startpunten-routes\\\/#breadcrumb\"},\"inLanguage\":\"en-US\",\"potentialAction\":[{\"@type\":\"ReadAction\",\"target\":[\"https:\\\/\\\/kanomaastricht.nl\\\/startpunten-routes\\\/\"]}]},{\"@type\":\"ImageObject\",\"inLanguage\":\"en-US\",\"@id\":\"https:\\\/\\\/kanomaastricht.nl\\\/startpunten-routes\\\/#primaryimage\",\"url\":\"https:\\\/\\\/kanomaastricht.nl\\\/wp-content\\\/uploads\\\/2025\\\/01\\\/08.png\",\"contentUrl\":\"https:\\\/\\\/kanomaastricht.nl\\\/wp-content\\\/uploads\\\/2025\\\/01\\\/08.png\"},{\"@type\":\"BreadcrumbList\",\"@id\":\"https:\\\/\\\/kanomaastricht.nl\\\/startpunten-routes\\\/#breadcrumb\",\"itemListElement\":[{\"@type\":\"ListItem\",\"position\":1,\"name\":\"Home\",\"item\":\"https:\\\/\\\/kanomaastricht.nl\\\/\"},{\"@type\":\"ListItem\",\"position\":2,\"name\":\"Startpunten &amp; routes\"}]},{\"@type\":\"WebSite\",\"@id\":\"https:\\\/\\\/kanomaastricht.nl\\\/#website\",\"url\":\"https:\\\/\\\/kanomaastricht.nl\\\/\",\"name\":\"KANO\",\"description\":\"\",\"publisher\":{\"@id\":\"https:\\\/\\\/kanomaastricht.nl\\\/#organization\"},\"potentialAction\":[{\"@type\":\"SearchAction\",\"target\":{\"@type\":\"EntryPoint\",\"urlTemplate\":\"https:\\\/\\\/kanomaastricht.nl\\\/?s={search_term_string}\"},\"query-input\":{\"@type\":\"PropertyValueSpecification\",\"valueRequired\":true,\"valueName\":\"search_term_string\"}}],\"inLanguage\":\"en-US\"},{\"@type\":\"Organization\",\"@id\":\"https:\\\/\\\/kanomaastricht.nl\\\/#organization\",\"name\":\"KANO\",\"url\":\"https:\\\/\\\/kanomaastricht.nl\\\/\",\"logo\":{\"@type\":\"ImageObject\",\"inLanguage\":\"en-US\",\"@id\":\"https:\\\/\\\/kanomaastricht.nl\\\/#\\\/schema\\\/logo\\\/image\\\/\",\"url\":\"https:\\\/\\\/kanomaastricht.nl\\\/wp-content\\\/uploads\\\/2022\\\/10\\\/LOGO_V1-scaled.png\",\"contentUrl\":\"https:\\\/\\\/kanomaastricht.nl\\\/wp-content\\\/uploads\\\/2022\\\/10\\\/LOGO_V1-scaled.png\",\"width\":2560,\"height\":1298,\"caption\":\"KANO\"},\"image\":{\"@id\":\"https:\\\/\\\/kanomaastricht.nl\\\/#\\\/schema\\\/logo\\\/image\\\/\"}}]}<\/script>\n<!-- \/ Yoast SEO plugin. -->","yoast_head_json":{"title":"Startpunten &amp; routes - KANO","robots":{"index":"index","follow":"follow","max-snippet":"max-snippet:-1","max-image-preview":"max-image-preview:large","max-video-preview":"max-video-preview:-1"},"canonical":"https:\/\/kanomaastricht.nl\/en\/startpunten-routes\/","og_locale":"en_US","og_type":"article","og_title":"Startpunten &amp; routes - KANO","og_description":"Startpunt Kanotocht Adres: Op de Meer &#8211; Maastricht (Opstapplaats tweede links de dijk omhoog) Enkel parkeren op ons terrein. Verboden te parkeren in omliggende straten! Ons parkeerterrein is gelegen op de hoek: Op de Meer \/ Pasestraat Routebeschrijving Eindpunt kanotocht Adres: Caf\u00e9 De Witte B\u00f6rstel Koevaart 15 Meers (Elsloo) (Parkeerplaats achter het Caf\u00e9) Dit is [&hellip;]","og_url":"https:\/\/kanomaastricht.nl\/en\/startpunten-routes\/","og_site_name":"KANO","article_modified_time":"2025-08-01T07:23:36+00:00","og_image":[{"url":"https:\/\/kanomaastricht.nl\/wp-content\/uploads\/2025\/01\/08.png","type":"","width":"","height":""}],"twitter_card":"summary_large_image","twitter_misc":{"Est. reading time":"1 minute"},"schema":{"@context":"https:\/\/schema.org","@graph":[{"@type":"WebPage","@id":"https:\/\/kanomaastricht.nl\/startpunten-routes\/","url":"https:\/\/kanomaastricht.nl\/startpunten-routes\/","name":"Startpunten &amp; routes - KANO","isPartOf":{"@id":"https:\/\/kanomaastricht.nl\/#website"},"primaryImageOfPage":{"@id":"https:\/\/kanomaastricht.nl\/startpunten-routes\/#primaryimage"},"image":{"@id":"https:\/\/kanomaastricht.nl\/startpunten-routes\/#primaryimage"},"thumbnailUrl":"https:\/\/kanomaastricht.nl\/wp-content\/uploads\/2025\/01\/08.png","datePublished":"2024-12-19T14:08:18+00:00","dateModified":"2025-08-01T07:23:36+00:00","breadcrumb":{"@id":"https:\/\/kanomaastricht.nl\/startpunten-routes\/#breadcrumb"},"inLanguage":"en-US","potentialAction":[{"@type":"ReadAction","target":["https:\/\/kanomaastricht.nl\/startpunten-routes\/"]}]},{"@type":"ImageObject","inLanguage":"en-US","@id":"https:\/\/kanomaastricht.nl\/startpunten-routes\/#primaryimage","url":"https:\/\/kanomaastricht.nl\/wp-content\/uploads\/2025\/01\/08.png","contentUrl":"https:\/\/kanomaastricht.nl\/wp-content\/uploads\/2025\/01\/08.png"},{"@type":"BreadcrumbList","@id":"https:\/\/kanomaastricht.nl\/startpunten-routes\/#breadcrumb","itemListElement":[{"@type":"ListItem","position":1,"name":"Home","item":"https:\/\/kanomaastricht.nl\/"},{"@type":"ListItem","position":2,"name":"Startpunten &amp; routes"}]},{"@type":"WebSite","@id":"https:\/\/kanomaastricht.nl\/#website","url":"https:\/\/kanomaastricht.nl\/","name":"KANO","description":"","publisher":{"@id":"https:\/\/kanomaastricht.nl\/#organization"},"potentialAction":[{"@type":"SearchAction","target":{"@type":"EntryPoint","urlTemplate":"https:\/\/kanomaastricht.nl\/?s={search_term_string}"},"query-input":{"@type":"PropertyValueSpecification","valueRequired":true,"valueName":"search_term_string"}}],"inLanguage":"en-US"},{"@type":"Organization","@id":"https:\/\/kanomaastricht.nl\/#organization","name":"KANO","url":"https:\/\/kanomaastricht.nl\/","logo":{"@type":"ImageObject","inLanguage":"en-US","@id":"https:\/\/kanomaastricht.nl\/#\/schema\/logo\/image\/","url":"https:\/\/kanomaastricht.nl\/wp-content\/uploads\/2022\/10\/LOGO_V1-scaled.png","contentUrl":"https:\/\/kanomaastricht.nl\/wp-content\/uploads\/2022\/10\/LOGO_V1-scaled.png","width":2560,"height":1298,"caption":"KANO"},"image":{"@id":"https:\/\/kanomaastricht.nl\/#\/schema\/logo\/image\/"}}]}},"_links":{"self":[{"href":"https:\/\/kanomaastricht.nl\/en\/wp-json\/wp\/v2\/pages\/2697","targetHints":{"allow":["GET"]}}],"collection":[{"href":"https:\/\/kanomaastricht.nl\/en\/wp-json\/wp\/v2\/pages"}],"about":[{"href":"https:\/\/kanomaastricht.nl\/en\/wp-json\/wp\/v2\/types\/page"}],"author":[{"embeddable":true,"href":"https:\/\/kanomaastricht.nl\/en\/wp-json\/wp\/v2\/users\/1"}],"replies":[{"embeddable":true,"href":"https:\/\/kanomaastricht.nl\/en\/wp-json\/wp\/v2\/comments?post=2697"}],"version-history":[{"count":0,"href":"https:\/\/kanomaastricht.nl\/en\/wp-json\/wp\/v2\/pages\/2697\/revisions"}],"wp:attachment":[{"href":"https:\/\/kanomaastricht.nl\/en\/wp-json\/wp\/v2\/media?parent=2697"}],"curies":[{"name":"wp","href":"https:\/\/api.w.org\/{rel}","templated":true}]}}