{"id":8,"date":"2022-10-25T18:35:11","date_gmt":"2022-10-25T18:35:11","guid":{"rendered":"https:\/\/kano.johnweb.nl\/?page_id=8"},"modified":"2025-05-06T08:57:16","modified_gmt":"2025-05-06T06:57:16","slug":"home","status":"publish","type":"page","link":"https:\/\/kanomaastricht.nl\/en\/","title":{"rendered":"HOME"},"content":{"rendered":"<img decoding=\"async\" src=\"https:\/\/kanomaastricht.nl\/wp-content\/uploads\/2025\/02\/PNG-15-Kajak-bicycle.png\" alt=\"PNG 15 Kajak + bicycle\" title=\"PNG 15 Kajak + bicycle\" itemprop=\"image\"\/>\n\t\t<h3>Unique in the Meuse Valley!<br \/>De Kano &#038; Fiets Combi.<\/h3>\t\t\t\n\t\t\t\t<p>You will only truly discover the Meuse Valley when you have experienced it by paddling and cycling.<\/p>\n\t\t\t\t<img decoding=\"async\" src=\"https:\/\/kanomaastricht.nl\/wp-content\/uploads\/2025\/01\/09.png\" alt=\"_-09\" title=\"_-09\" itemprop=\"image\"\/>\n\t\t<h3>Fully catered group packages<\/h3>\t\t\t\n\t\t\t\t<p>With passion and pleasure we organize group and company outings for groups up to 100+ people.<\/p>\n\t\t\t\t<img decoding=\"async\" src=\"https:\/\/kanomaastricht.nl\/wp-content\/uploads\/2025\/01\/08.png\" alt=\"_-08\" title=\"_-08\" itemprop=\"image\"\/>\n\t\t<h3>On the<br \/>Dutch riverbank<\/h3>\t\t\t\n\t\t\t\t<p>We are the only canoe rental company on the Dutch bank of the Maas.<\/p>\n<h2>\n\t\ta trip in a canoe, kayak or raft through the Limburg Meuse valley\n\t<\/h2>\n\t<p>You will be paddling on a beautiful part of the Maas that forms the border between the Netherlands and Belgium. There is no shipping here. We canoeists are guests in this breathtaking nature reserve.<\/p>\n<p>Herds of wild horses and Galloway cattle can be admired from the water. The beavers keep the vegetation in the valley in check with their gnawing. Sand martins, kingfishers, herons and countless other birds enrich the area with their colours and sounds.<\/p>\n<p>De Maasvallei laat jullie op een magische manier voelen waar het \u00e9cht om draait&#8230; Genieten, ontspannen en verbinden. Heerlijk!<\/p>\n\t\t\t<a href=\"https:\/\/kanomaastricht.nl\/en\/reserveren\/\" title=\"Klik Hier\" target=\"_self\"   role=\"button\" aria-label=\"Book online\">\n\t\t\t\t\t\t\tBook online\n\t\t<\/a>\n\t\t\t\t<img decoding=\"async\" src=\"https:\/\/kanomaastricht.nl\/wp-content\/uploads\/2025\/02\/kano-huren-in-maastricht.jpg\" alt=\"kano huren in maastricht\" title=\"kano huren in maastricht\" itemprop=\"image\"  \/>\n\t\t\t\t<img decoding=\"async\" src=\"https:\/\/kanomaastricht.nl\/wp-content\/uploads\/2025\/02\/kano-en-fietshuur-combi-maastricht.jpg\" alt=\"kano en fietshuur combi maastricht\" title=\"kano en fietshuur combi maastricht\" itemprop=\"image\"  \/>\n<h2>\n\t\tKano &#038; fiets combi\n\t<\/h2>\n\t<p>What makes Kano Maastricht even more unique is our Canoe &amp; Bike combination! Because besides paddling on the Maas you can also choose to combine this with a relaxing bike ride through nature and along charming villages.<\/p>\n<p>Je ontdekt de Maasvallei pas \u00e9cht wanneer je deze peddelend \u00e9n fietsend beleefd hebt. Stroomafwaarts lekker varen in \u00e9\u00e9n van onze kano&#8217;s, kajak&#8217;s of rafts. Stroomopwaarts volg je een fietsroute door het maasland van een kleine 10 kilometer en maak je kennis met het karakter van dit wonderschone stukje Limburg.<\/p>\n\t\t\t<a href=\"https:\/\/kanomaastricht.nl\/en\/reserveren\/\" title=\"Klik Hier\" target=\"_self\"   role=\"button\" aria-label=\"Book online\">\n\t\t\t\t\t\t\tBook online\n\t\t<\/a>\n<h2>\n\t\tPraise from our customers\n\t<\/h2>\n\t<div data-src=\"https:\/\/cdn.trustindex.io\/loader.js?99ff17339e4651985e969f87434\"><\/div>\n<h2>\n\t\tTeam building or an adventurous group outing!\n\t<\/h2>\n\t<p>De Maasvallei laat jullie op een magische manier voelen waar het \u00e9cht om draait&#8230; Genieten, ontspannen en verbinden met elkaar en de natuur. Even alles loslaten en elkaar op een nieuwe manier leren kennen tijdens deze ontspannen en soms spannende afvaart&#8230; Heerlijk!<\/p>\n<p>Met aandacht verzorgt Kano Maastricht in samenwerking met de <a href=\"https:\/\/kanomaastricht.nl\/en\/brigidahoeve\/\" target=\"_blank\" rel=\"noopener\">Brigidahoeve<\/a> complete groepsarrangementen met bv. Koffie\/thee met Limburgse vlaai, een heerlijk lunch, diner of toch liever een gezellige barbecue?<\/p>\n<p>Het kan allemaal!<\/p>\n\t\t\t<a href=\"https:\/\/kanomaastricht.nl\/en\/groepen\/\" title=\"Klik Hier\" target=\"_self\"   role=\"button\" aria-label=\"Make a group reservation\">\n\t\t\t\t\t\t\tMake a group reservation\n\t\t<\/a>\n\t\t\t\t<img decoding=\"async\" src=\"https:\/\/kanomaastricht.nl\/wp-content\/uploads\/2025\/02\/kano-huren-groepen.jpg\" alt=\"kano huren groepen\" title=\"kano huren groepen\" itemprop=\"image\"  \/>","protected":false},"excerpt":{"rendered":"<p>Uniek in de Maasvallei!De Kano &#038; Fiets Combi. Je ontdekt de Maasvallei pas \u00e9cht wanneer je deze peddelend \u00e9n fietsend beleefd hebt. Compleet verzorgde groepsarrangementen Met net zo veel passie als plezier verzorgen wij groeps-en bedrijfsuitjes voor groepen tot 100 personen. Aan deNederlandse oever Wij zijn het enige kanoverhuur aan de Nederlandse oever van de [&hellip;]<\/p>\n","protected":false},"author":1,"featured_media":0,"parent":0,"menu_order":0,"comment_status":"closed","ping_status":"closed","template":"","meta":{"site-sidebar-layout":"no-sidebar","site-content-layout":"page-builder","ast-site-content-layout":"full-width-container","site-content-style":"unboxed","site-sidebar-style":"unboxed","ast-global-header-display":"","ast-banner-title-visibility":"","ast-main-header-display":"","ast-hfb-above-header-display":"","ast-hfb-below-header-display":"","ast-hfb-mobile-header-display":"","site-post-title":"disabled","ast-breadcrumbs-content":"","ast-featured-img":"disabled","footer-sml-layout":"","ast-disable-related-posts":"","theme-transparent-header-meta":"enabled","adv-header-id-meta":"","stick-header-meta":"","header-above-stick-meta":"","header-main-stick-meta":"","header-below-stick-meta":"","astra-migrate-meta-layouts":"set","ast-page-background-enabled":"default","ast-page-background-meta":{"desktop":{"background-color":"var(--ast-global-color-4)","background-image":"","background-repeat":"repeat","background-position":"center center","background-size":"auto","background-attachment":"scroll","background-type":"","background-media":"","overlay-type":"","overlay-color":"","overlay-opacity":"","overlay-gradient":""},"tablet":{"background-color":"","background-image":"","background-repeat":"repeat","background-position":"center center","background-size":"auto","background-attachment":"scroll","background-type":"","background-media":"","overlay-type":"","overlay-color":"","overlay-opacity":"","overlay-gradient":""},"mobile":{"background-color":"","background-image":"","background-repeat":"repeat","background-position":"center center","background-size":"auto","background-attachment":"scroll","background-type":"","background-media":"","overlay-type":"","overlay-color":"","overlay-opacity":"","overlay-gradient":""}},"ast-content-background-meta":{"desktop":{"background-color":"var(--ast-global-color-5)","background-image":"","background-repeat":"repeat","background-position":"center center","background-size":"auto","background-attachment":"scroll","background-type":"","background-media":"","overlay-type":"","overlay-color":"","overlay-opacity":"","overlay-gradient":""},"tablet":{"background-color":"var(--ast-global-color-5)","background-image":"","background-repeat":"repeat","background-position":"center center","background-size":"auto","background-attachment":"scroll","background-type":"","background-media":"","overlay-type":"","overlay-color":"","overlay-opacity":"","overlay-gradient":""},"mobile":{"background-color":"var(--ast-global-color-5)","background-image":"","background-repeat":"repeat","background-position":"center center","background-size":"auto","background-attachment":"scroll","background-type":"","background-media":"","overlay-type":"","overlay-color":"","overlay-opacity":"","overlay-gradient":""}},"footnotes":""},"class_list":["post-8","page","type-page","status-publish","hentry"],"yoast_head":"<!-- This site is optimized with the Yoast SEO plugin v27.3 - https:\/\/yoast.com\/product\/yoast-seo-wordpress\/ -->\n<title>KANO MAASTRICHT | Beleven, genieten &amp; ontspannen!<\/title>\n<meta name=\"description\" content=\"Een onvergetelijke tocht met een Kajak, Kano of Raft door de wonderschone Limburgse Maasvallei. Genieten en ontspannen voor jong en oud.\" \/>\n<meta name=\"robots\" content=\"index, follow, max-snippet:-1, max-image-preview:large, max-video-preview:-1\" \/>\n<link rel=\"canonical\" href=\"https:\/\/kanomaastricht.nl\/en\/\" \/>\n<meta property=\"og:locale\" content=\"en_US\" \/>\n<meta property=\"og:type\" content=\"article\" \/>\n<meta property=\"og:title\" content=\"KANO MAASTRICHT | Beleven, genieten &amp; ontspannen!\" \/>\n<meta property=\"og:description\" content=\"Een onvergetelijke tocht met een Kajak, Kano of Raft door de wonderschone Limburgse Maasvallei. Genieten en ontspannen voor jong en oud.\" \/>\n<meta property=\"og:url\" content=\"https:\/\/kanomaastricht.nl\/en\/\" \/>\n<meta property=\"og:site_name\" content=\"KANO\" \/>\n<meta property=\"article:modified_time\" content=\"2025-05-06T06:57:16+00:00\" \/>\n<meta property=\"og:image\" content=\"https:\/\/kanomaastricht.nl\/wp-content\/uploads\/2025\/02\/PNG-15-Kajak-bicycle.png\" \/>\n<meta name=\"twitter:card\" content=\"summary_large_image\" \/>\n<meta name=\"twitter:label1\" content=\"Est. reading time\" \/>\n\t<meta name=\"twitter:data1\" content=\"4 minutes\" \/>\n<script type=\"application\/ld+json\" class=\"yoast-schema-graph\">{\"@context\":\"https:\\\/\\\/schema.org\",\"@graph\":[{\"@type\":\"WebPage\",\"@id\":\"https:\\\/\\\/kanomaastricht.nl\\\/\",\"url\":\"https:\\\/\\\/kanomaastricht.nl\\\/\",\"name\":\"KANO MAASTRICHT | Beleven, genieten & ontspannen!\",\"isPartOf\":{\"@id\":\"https:\\\/\\\/kanomaastricht.nl\\\/#website\"},\"primaryImageOfPage\":{\"@id\":\"https:\\\/\\\/kanomaastricht.nl\\\/#primaryimage\"},\"image\":{\"@id\":\"https:\\\/\\\/kanomaastricht.nl\\\/#primaryimage\"},\"thumbnailUrl\":\"https:\\\/\\\/kanomaastricht.nl\\\/wp-content\\\/uploads\\\/2025\\\/02\\\/PNG-15-Kajak-bicycle.png\",\"datePublished\":\"2022-10-25T18:35:11+00:00\",\"dateModified\":\"2025-05-06T06:57:16+00:00\",\"description\":\"Een onvergetelijke tocht met een Kajak, Kano of Raft door de wonderschone Limburgse Maasvallei. Genieten en ontspannen voor jong en oud.\",\"breadcrumb\":{\"@id\":\"https:\\\/\\\/kanomaastricht.nl\\\/#breadcrumb\"},\"inLanguage\":\"en-US\",\"potentialAction\":[{\"@type\":\"ReadAction\",\"target\":[\"https:\\\/\\\/kanomaastricht.nl\\\/\"]}]},{\"@type\":\"ImageObject\",\"inLanguage\":\"en-US\",\"@id\":\"https:\\\/\\\/kanomaastricht.nl\\\/#primaryimage\",\"url\":\"https:\\\/\\\/kanomaastricht.nl\\\/wp-content\\\/uploads\\\/2025\\\/02\\\/PNG-15-Kajak-bicycle.png\",\"contentUrl\":\"https:\\\/\\\/kanomaastricht.nl\\\/wp-content\\\/uploads\\\/2025\\\/02\\\/PNG-15-Kajak-bicycle.png\"},{\"@type\":\"BreadcrumbList\",\"@id\":\"https:\\\/\\\/kanomaastricht.nl\\\/#breadcrumb\",\"itemListElement\":[{\"@type\":\"ListItem\",\"position\":1,\"name\":\"Home\",\"item\":\"https:\\\/\\\/kanomaastricht.nl\\\/\"},{\"@type\":\"ListItem\",\"position\":2,\"name\":\"HOME\"}]},{\"@type\":\"WebSite\",\"@id\":\"https:\\\/\\\/kanomaastricht.nl\\\/#website\",\"url\":\"https:\\\/\\\/kanomaastricht.nl\\\/\",\"name\":\"KANO\",\"description\":\"\",\"publisher\":{\"@id\":\"https:\\\/\\\/kanomaastricht.nl\\\/#organization\"},\"potentialAction\":[{\"@type\":\"SearchAction\",\"target\":{\"@type\":\"EntryPoint\",\"urlTemplate\":\"https:\\\/\\\/kanomaastricht.nl\\\/?s={search_term_string}\"},\"query-input\":{\"@type\":\"PropertyValueSpecification\",\"valueRequired\":true,\"valueName\":\"search_term_string\"}}],\"inLanguage\":\"en-US\"},{\"@type\":\"Organization\",\"@id\":\"https:\\\/\\\/kanomaastricht.nl\\\/#organization\",\"name\":\"KANO\",\"url\":\"https:\\\/\\\/kanomaastricht.nl\\\/\",\"logo\":{\"@type\":\"ImageObject\",\"inLanguage\":\"en-US\",\"@id\":\"https:\\\/\\\/kanomaastricht.nl\\\/#\\\/schema\\\/logo\\\/image\\\/\",\"url\":\"https:\\\/\\\/kanomaastricht.nl\\\/wp-content\\\/uploads\\\/2022\\\/10\\\/LOGO_V1-scaled.png\",\"contentUrl\":\"https:\\\/\\\/kanomaastricht.nl\\\/wp-content\\\/uploads\\\/2022\\\/10\\\/LOGO_V1-scaled.png\",\"width\":2560,\"height\":1298,\"caption\":\"KANO\"},\"image\":{\"@id\":\"https:\\\/\\\/kanomaastricht.nl\\\/#\\\/schema\\\/logo\\\/image\\\/\"}}]}<\/script>\n<!-- \/ Yoast SEO plugin. -->","yoast_head_json":{"title":"KANO MAASTRICHT | Beleven, genieten & ontspannen!","description":"Een onvergetelijke tocht met een Kajak, Kano of Raft door de wonderschone Limburgse Maasvallei. Genieten en ontspannen voor jong en oud.","robots":{"index":"index","follow":"follow","max-snippet":"max-snippet:-1","max-image-preview":"max-image-preview:large","max-video-preview":"max-video-preview:-1"},"canonical":"https:\/\/kanomaastricht.nl\/en\/","og_locale":"en_US","og_type":"article","og_title":"KANO MAASTRICHT | Beleven, genieten & ontspannen!","og_description":"Een onvergetelijke tocht met een Kajak, Kano of Raft door de wonderschone Limburgse Maasvallei. Genieten en ontspannen voor jong en oud.","og_url":"https:\/\/kanomaastricht.nl\/en\/","og_site_name":"KANO","article_modified_time":"2025-05-06T06:57:16+00:00","og_image":[{"url":"https:\/\/kanomaastricht.nl\/wp-content\/uploads\/2025\/02\/PNG-15-Kajak-bicycle.png","type":"","width":"","height":""}],"twitter_card":"summary_large_image","twitter_misc":{"Est. reading time":"4 minutes"},"schema":{"@context":"https:\/\/schema.org","@graph":[{"@type":"WebPage","@id":"https:\/\/kanomaastricht.nl\/","url":"https:\/\/kanomaastricht.nl\/","name":"KANO MAASTRICHT | Beleven, genieten & ontspannen!","isPartOf":{"@id":"https:\/\/kanomaastricht.nl\/#website"},"primaryImageOfPage":{"@id":"https:\/\/kanomaastricht.nl\/#primaryimage"},"image":{"@id":"https:\/\/kanomaastricht.nl\/#primaryimage"},"thumbnailUrl":"https:\/\/kanomaastricht.nl\/wp-content\/uploads\/2025\/02\/PNG-15-Kajak-bicycle.png","datePublished":"2022-10-25T18:35:11+00:00","dateModified":"2025-05-06T06:57:16+00:00","description":"Een onvergetelijke tocht met een Kajak, Kano of Raft door de wonderschone Limburgse Maasvallei. Genieten en ontspannen voor jong en oud.","breadcrumb":{"@id":"https:\/\/kanomaastricht.nl\/#breadcrumb"},"inLanguage":"en-US","potentialAction":[{"@type":"ReadAction","target":["https:\/\/kanomaastricht.nl\/"]}]},{"@type":"ImageObject","inLanguage":"en-US","@id":"https:\/\/kanomaastricht.nl\/#primaryimage","url":"https:\/\/kanomaastricht.nl\/wp-content\/uploads\/2025\/02\/PNG-15-Kajak-bicycle.png","contentUrl":"https:\/\/kanomaastricht.nl\/wp-content\/uploads\/2025\/02\/PNG-15-Kajak-bicycle.png"},{"@type":"BreadcrumbList","@id":"https:\/\/kanomaastricht.nl\/#breadcrumb","itemListElement":[{"@type":"ListItem","position":1,"name":"Home","item":"https:\/\/kanomaastricht.nl\/"},{"@type":"ListItem","position":2,"name":"HOME"}]},{"@type":"WebSite","@id":"https:\/\/kanomaastricht.nl\/#website","url":"https:\/\/kanomaastricht.nl\/","name":"KANO","description":"","publisher":{"@id":"https:\/\/kanomaastricht.nl\/#organization"},"potentialAction":[{"@type":"SearchAction","target":{"@type":"EntryPoint","urlTemplate":"https:\/\/kanomaastricht.nl\/?s={search_term_string}"},"query-input":{"@type":"PropertyValueSpecification","valueRequired":true,"valueName":"search_term_string"}}],"inLanguage":"en-US"},{"@type":"Organization","@id":"https:\/\/kanomaastricht.nl\/#organization","name":"KANO","url":"https:\/\/kanomaastricht.nl\/","logo":{"@type":"ImageObject","inLanguage":"en-US","@id":"https:\/\/kanomaastricht.nl\/#\/schema\/logo\/image\/","url":"https:\/\/kanomaastricht.nl\/wp-content\/uploads\/2022\/10\/LOGO_V1-scaled.png","contentUrl":"https:\/\/kanomaastricht.nl\/wp-content\/uploads\/2022\/10\/LOGO_V1-scaled.png","width":2560,"height":1298,"caption":"KANO"},"image":{"@id":"https:\/\/kanomaastricht.nl\/#\/schema\/logo\/image\/"}}]}},"_links":{"self":[{"href":"https:\/\/kanomaastricht.nl\/en\/wp-json\/wp\/v2\/pages\/8","targetHints":{"allow":["GET"]}}],"collection":[{"href":"https:\/\/kanomaastricht.nl\/en\/wp-json\/wp\/v2\/pages"}],"about":[{"href":"https:\/\/kanomaastricht.nl\/en\/wp-json\/wp\/v2\/types\/page"}],"author":[{"embeddable":true,"href":"https:\/\/kanomaastricht.nl\/en\/wp-json\/wp\/v2\/users\/1"}],"replies":[{"embeddable":true,"href":"https:\/\/kanomaastricht.nl\/en\/wp-json\/wp\/v2\/comments?post=8"}],"version-history":[{"count":0,"href":"https:\/\/kanomaastricht.nl\/en\/wp-json\/wp\/v2\/pages\/8\/revisions"}],"wp:attachment":[{"href":"https:\/\/kanomaastricht.nl\/en\/wp-json\/wp\/v2\/media?parent=8"}],"curies":[{"name":"wp","href":"https:\/\/api.w.org\/{rel}","templated":true}]}}